{"id":1230,"date":"2025-02-01T12:33:26","date_gmt":"2025-02-01T12:33:26","guid":{"rendered":"https:\/\/jobyz.eu\/?page_id=1230"},"modified":"2025-07-11T00:12:35","modified_gmt":"2025-07-10T22:12:35","slug":"dodaj-oglas","status":"publish","type":"page","link":"https:\/\/jobyz.eu\/tr\/dodaj-oglas\/","title":{"rendered":"Dodaj oglas"},"content":{"rendered":"<style>.elementor-1230 .elementor-element.elementor-element-3a335475:not(.elementor-motion-effects-element-type-background), .elementor-1230 .elementor-element.elementor-element-3a335475 > .elementor-motion-effects-container > .elementor-motion-effects-layer{background-image:url(\"https:\/\/jobyz.eu\/wp-content\/uploads\/2025\/01\/Jobyz-mapa-svijeta.jpg\");background-position:center center;background-repeat:no-repeat;background-size:cover;}.elementor-1230 .elementor-element.elementor-element-3a335475 > .elementor-background-overlay{background-color:var( --e-global-color-a348005 );opacity:0.5;transition:background 0.3s, border-radius 0.3s, opacity 0.3s;}.elementor-1230 .elementor-element.elementor-element-3a335475 > .elementor-container{max-width:800px;}.elementor-1230 .elementor-element.elementor-element-3a335475{transition:background 0.3s, border 0.3s, border-radius 0.3s, box-shadow 0.3s;padding:160px 0px 100px 0px;}.elementor-1230 .elementor-element.elementor-element-23620bae{text-align:center;}.elementor-1230 .elementor-element.elementor-element-23620bae .elementor-heading-title{font-family:var( --e-global-typography-0d89590-font-family ), Sans-serif;font-size:var( --e-global-typography-0d89590-font-size );font-weight:var( --e-global-typography-0d89590-font-weight );line-height:var( --e-global-typography-0d89590-line-height );color:var( --e-global-color-e8959aa );}.elementor-1230 .elementor-element.elementor-element-fb97f95:not(.elementor-motion-effects-element-type-background), .elementor-1230 .elementor-element.elementor-element-fb97f95 > .elementor-motion-effects-container > .elementor-motion-effects-layer{background-color:var( --e-global-color-primary );}.elementor-1230 .elementor-element.elementor-element-fb97f95 > .elementor-background-overlay{background-color:transparent;background-image:radial-gradient(at top left, var( --e-global-color-4c73cae ) 0%, var( --e-global-color-a348005 ) 27%);opacity:1;transition:background 0.3s, border-radius 0.3s, opacity 0.3s;}.elementor-1230 .elementor-element.elementor-element-fb97f95 > .elementor-container{max-width:1170px;}.elementor-1230 .elementor-element.elementor-element-fb97f95{border-style:solid;border-width:1px 0px 1px 0px;border-color:#FFFFFF;transition:background 0.3s, border 0.3s, border-radius 0.3s, box-shadow 0.3s;margin-top:0px;margin-bottom:0px;padding:80px 0px 80px 0px;}.elementor-bc-flex-widget .elementor-1230 .elementor-element.elementor-element-04944f7.elementor-column .elementor-widget-wrap{align-items:center;}.elementor-1230 .elementor-element.elementor-element-04944f7.elementor-column.elementor-element[data-element_type=\"column\"] > .elementor-widget-wrap.elementor-element-populated{align-content:center;align-items:center;}.elementor-1230 .elementor-element.elementor-element-04944f7 > .elementor-element-populated >  .elementor-background-overlay{opacity:0.43;}.elementor-1230 .elementor-element.elementor-element-04944f7 > .elementor-element-populated{transition:background 0.3s, border 0.3s, border-radius 0.3s, box-shadow 0.3s;margin:0px 0px 0px 0px;--e-column-margin-right:0px;--e-column-margin-left:0px;padding:0px 0px 0px 0px;}.elementor-1230 .elementor-element.elementor-element-04944f7 > .elementor-element-populated > .elementor-background-overlay{transition:background 0.3s, border-radius 0.3s, opacity 0.3s;}.elementor-1230 .elementor-element.elementor-element-72efa8a > .elementor-widget-container{margin:0px 0px 0px 0px;}.elementor-1230 .elementor-element.elementor-element-72efa8a{text-align:left;}.elementor-1230 .elementor-element.elementor-element-72efa8a .elementor-heading-title{font-family:\"Manrope\", Sans-serif;font-size:18px;font-weight:700;color:var( --e-global-color-secondary );}.elementor-1230 .elementor-element.elementor-element-2e0d9bc .elementor-heading-title{font-family:var( --e-global-typography-0d89590-font-family ), Sans-serif;font-size:var( --e-global-typography-0d89590-font-size );font-weight:var( --e-global-typography-0d89590-font-weight );line-height:var( --e-global-typography-0d89590-line-height );color:var( --e-global-color-e8959aa );}.elementor-1230 .elementor-element.elementor-element-7d217e4{font-family:var( --e-global-typography-text-font-family ), Sans-serif;font-size:var( --e-global-typography-text-font-size );font-weight:var( --e-global-typography-text-font-weight );color:var( --e-global-color-e8959aa );}.elementor-1230 .elementor-element.elementor-element-3d2b758 .elementor-heading-title{font-family:\"Manrope\", Sans-serif;font-size:20px;font-weight:700;line-height:1.1em;color:var( --e-global-color-e8959aa );}.elementor-1230 .elementor-element.elementor-element-430ccc8{font-family:var( --e-global-typography-text-font-family ), Sans-serif;font-size:var( --e-global-typography-text-font-size );font-weight:var( --e-global-typography-text-font-weight );color:var( --e-global-color-e8959aa );}.elementor-1230 .elementor-element.elementor-element-66c150d .elementor-button{font-size:16px;text-decoration:none;border-style:none;border-radius:5px 5px 5px 5px;padding:20px 40px 20px 40px;}.elementor-1230 .elementor-element.elementor-element-66c150d .elementor-button:hover, .elementor-1230 .elementor-element.elementor-element-66c150d .elementor-button:focus{color:#FFFFFF;}.elementor-1230 .elementor-element.elementor-element-66c150d .elementor-button:hover svg, .elementor-1230 .elementor-element.elementor-element-66c150d .elementor-button:focus svg{fill:#FFFFFF;}.elementor-1230 .elementor-element.elementor-element-2ee8b6f > .elementor-element-populated, .elementor-1230 .elementor-element.elementor-element-2ee8b6f > .elementor-element-populated > .elementor-background-overlay, .elementor-1230 .elementor-element.elementor-element-2ee8b6f > .elementor-background-slideshow{border-radius:0px 0px 0px 0px;}.elementor-1230 .elementor-element.elementor-element-2ee8b6f > .elementor-element-populated{box-shadow:0px 0px 10px 0px rgba(0,0,0,0.5);transition:background 0.3s, border 0.3s, border-radius 0.3s, box-shadow 0.3s;margin:10px 10px 10px 10px;--e-column-margin-right:10px;--e-column-margin-left:10px;}.elementor-1230 .elementor-element.elementor-element-2ee8b6f > .elementor-element-populated > .elementor-background-overlay{transition:background 0.3s, border-radius 0.3s, opacity 0.3s;}.elementor-1230 .elementor-element.elementor-element-ee1eac5 > .elementor-widget-container{padding:30px 30px 30px 30px;}.elementor-1230 .elementor-element.elementor-element-ee1eac5 .jet-form-builder__label{text-align:left;color:var( --e-global-color-e8959aa );}.elementor-1230 .elementor-element.elementor-element-ee1eac5 .jet-form-builder__label .jet-form-builder__required{color:var( --e-global-color-accent );}.elementor-1230 .elementor-element.elementor-element-ee1eac5 .jet-form-builder__desc{text-align:left;}.elementor-1230 .elementor-element.elementor-element-ee1eac5 .jet-form-builder__fields-group{flex-direction:row;gap:0.7em 0.7em;}.elementor-1230 .elementor-element.elementor-element-ee1eac5 .jet-form-builder__field-wrap.checkradio-wrap span{gap:8px;}.elementor-1230 .elementor-element.elementor-element-ee1eac5 .jet-form-builder__field-wrap label{color:var( --e-global-color-e8959aa );}.elementor-1230 .elementor-element.elementor-element-ee1eac5 .jet-form-builder__field:not(.checkradio-field):not(.range-field):not(.jet-form-builder-repeater):not(.wysiwyg-field){color:var( --e-global-color-primary );border-radius:5px 5px 5px 5px;}.elementor-1230 .elementor-element.elementor-element-ee1eac5 .jet-form-builder input{color-scheme:normal;}.elementor-1230 .elementor-element.elementor-element-ee1eac5 .jet-form-builder__heading{color:var( --e-global-color-e8959aa );}.elementor-1230 .elementor-element.elementor-element-ee1eac5 .jet-form-builder__heading-desc{color:var( --e-global-color-e8959aa );}.elementor-1230 .elementor-element.elementor-element-ee1eac5 .jet-form-builder-repeater__row-remove{align-self:flex-start;}.elementor-1230 .elementor-element.elementor-element-ee1eac5 .jet-form-builder__action-button{background-color:var( --e-global-color-accent );transition:all 0.3s;padding:15px 15px 15px 15px;border-radius:5px 5px 5px 5px;}.elementor-1230 .elementor-element.elementor-element-ee1eac5 .jet-form-builder__action-button:hover{background-color:var( --e-global-color-e8959aa );color:var( --e-global-color-704aa99 );}.elementor-1230 .elementor-element.elementor-element-ee1eac5 .jet-form-builder__submit-wrap{justify-content:flex-start;align-items:flex-start;}.elementor-1230 .elementor-element.elementor-element-ee1eac5 .jet-form-builder__next-page-wrap{text-align:left;}.elementor-1230 .elementor-element.elementor-element-ee1eac5 .jet-form-builder__next-page{padding:15px 15px 15px 15px;border-radius:5px 5px 5px 5px;color:var( --e-global-color-e8959aa );background-color:var( --e-global-color-accent );}.elementor-1230 .elementor-element.elementor-element-ee1eac5 .jet-form-builder__next-page:hover{color:var( --e-global-color-704aa99 );background-color:var( --e-global-color-e8959aa );}.elementor-1230 .elementor-element.elementor-element-ee1eac5 .jet-form-builder__prev-page{padding:15px 15px 15px 15px;border-radius:5px 5px 5px 5px;color:var( --e-global-color-e8959aa );background-color:var( --e-global-color-accent );}.elementor-1230 .elementor-element.elementor-element-ee1eac5 .jet-form-builder__prev-page:hover{color:var( --e-global-color-704aa99 );background-color:var( --e-global-color-e8959aa );}.elementor-1230 .elementor-element.elementor-element-ee1eac5 .jet-form-builder-progress-pages__item--wrapper.active-page .jet-form-builder-progress-pages__item{color:var( --e-global-color-accent );}.elementor-1230 .elementor-element.elementor-element-ee1eac5 .jet-form-builder-progress-pages__item--wrapper.active-page .jet-form-builder-progress-pages__separator{background-color:var( --e-global-color-secondary );}.elementor-1230 .elementor-element.elementor-element-ee1eac5 .jet-form-builder-progress-pages__item--wrapper.active-page .jet-form-builder-progress-pages__item--circle{border-style:solid;border-color:var( --e-global-color-secondary );}.elementor-1230 .elementor-element.elementor-element-ee1eac5 .jet-form-builder-message--success{text-align:center;background-color:var( --e-global-color-e8959aa );border-radius:5px 5px 5px 5px;}.elementor-1230 .elementor-element.elementor-element-ee1eac5 .jet-form-builder-message--error{text-align:center;background-color:var( --e-global-color-e8959aa );border-radius:5px 5px 5px 5px;}.elementor-1230 .elementor-element.elementor-element-30be283 > .elementor-widget-container{padding:30px 30px 30px 30px;}.elementor-1230 .elementor-element.elementor-element-30be283 .jet-form-builder__label{text-align:left;color:var( --e-global-color-e8959aa );}.elementor-1230 .elementor-element.elementor-element-30be283 .jet-form-builder__label .jet-form-builder__required{color:var( --e-global-color-accent );}.elementor-1230 .elementor-element.elementor-element-30be283 .jet-form-builder__desc{text-align:left;}.elementor-1230 .elementor-element.elementor-element-30be283 .jet-form-builder__fields-group{flex-direction:row;gap:0.7em 0.7em;}.elementor-1230 .elementor-element.elementor-element-30be283 .jet-form-builder__field-wrap.checkradio-wrap span{gap:8px;}.elementor-1230 .elementor-element.elementor-element-30be283 .jet-form-builder__field-wrap label{color:var( --e-global-color-e8959aa );}.elementor-1230 .elementor-element.elementor-element-30be283 .jet-form-builder__field:not(.checkradio-field):not(.range-field):not(.jet-form-builder-repeater):not(.wysiwyg-field){color:var( --e-global-color-primary );border-radius:5px 5px 5px 5px;}.elementor-1230 .elementor-element.elementor-element-30be283 .jet-form-builder input{color-scheme:normal;}.elementor-1230 .elementor-element.elementor-element-30be283 .jet-form-builder-repeater__row-remove{align-self:flex-start;}.elementor-1230 .elementor-element.elementor-element-30be283 .jet-form-builder__action-button{background-color:var( --e-global-color-accent );transition:all 0.3s;padding:15px 15px 15px 15px;border-radius:5px 5px 5px 5px;}.elementor-1230 .elementor-element.elementor-element-30be283 .jet-form-builder__action-button:hover{background-color:var( --e-global-color-e8959aa );color:var( --e-global-color-704aa99 );}.elementor-1230 .elementor-element.elementor-element-30be283 .jet-form-builder__submit-wrap{justify-content:flex-start;align-items:flex-start;}.elementor-1230 .elementor-element.elementor-element-30be283 .jet-form-builder__next-page-wrap{text-align:left;}.elementor-1230 .elementor-element.elementor-element-30be283 .jet-form-builder-message--success{text-align:center;background-color:var( --e-global-color-e8959aa );border-radius:5px 5px 5px 5px;}.elementor-1230 .elementor-element.elementor-element-30be283 .jet-form-builder-message--error{text-align:center;background-color:var( --e-global-color-e8959aa );border-radius:5px 5px 5px 5px;}:root{--page-title-display:none;}@media(max-width:1024px) and (min-width:768px){.elementor-1230 .elementor-element.elementor-element-04944f7{width:100%;}.elementor-1230 .elementor-element.elementor-element-2ee8b6f{width:100%;}}@media(max-width:1024px){.elementor-1230 .elementor-element.elementor-element-23620bae .elementor-heading-title{font-size:var( --e-global-typography-0d89590-font-size );line-height:var( --e-global-typography-0d89590-line-height );}.elementor-1230 .elementor-element.elementor-element-fb97f95{padding:40px 40px 40px 40px;}.elementor-1230 .elementor-element.elementor-element-04944f7 > .elementor-element-populated{padding:40px 40px 40px 40px;}.elementor-1230 .elementor-element.elementor-element-2e0d9bc .elementor-heading-title{font-size:var( --e-global-typography-0d89590-font-size );line-height:var( --e-global-typography-0d89590-line-height );}.elementor-1230 .elementor-element.elementor-element-7d217e4{font-size:var( --e-global-typography-text-font-size );}.elementor-1230 .elementor-element.elementor-element-430ccc8{font-size:var( --e-global-typography-text-font-size );}.elementor-1230 .elementor-element.elementor-element-2ee8b6f > .elementor-element-populated{margin:40px 10px 0px 10px;--e-column-margin-right:10px;--e-column-margin-left:10px;}}@media(max-width:767px){.elementor-1230 .elementor-element.elementor-element-3a335475{padding:120px 10px 80px 10px;}.elementor-1230 .elementor-element.elementor-element-23620bae .elementor-heading-title{font-size:var( --e-global-typography-0d89590-font-size );line-height:var( --e-global-typography-0d89590-line-height );}.elementor-1230 .elementor-element.elementor-element-fb97f95{padding:40px 40px 50px 40px;}.elementor-1230 .elementor-element.elementor-element-04944f7 > .elementor-element-populated{padding:40px 40px 50px 40px;}.elementor-1230 .elementor-element.elementor-element-2e0d9bc .elementor-heading-title{font-size:var( --e-global-typography-0d89590-font-size );line-height:var( --e-global-typography-0d89590-line-height );}.elementor-1230 .elementor-element.elementor-element-7d217e4{font-size:var( --e-global-typography-text-font-size );}.elementor-1230 .elementor-element.elementor-element-3d2b758 .elementor-heading-title{font-size:36px;line-height:1em;}.elementor-1230 .elementor-element.elementor-element-430ccc8{font-size:var( --e-global-typography-text-font-size );}}<\/style>\t\t<div data-elementor-type=\"wp-page\" data-elementor-id=\"1230\" class=\"elementor elementor-1230\" data-elementor-post-type=\"page\">\n\t\t\t\t\t\t<section class=\"elementor-section elementor-top-section elementor-element elementor-element-3a335475 elementor-section-boxed elementor-section-height-default elementor-section-height-default\" data-id=\"3a335475\" data-element_type=\"section\" data-settings=\"{&quot;background_background&quot;:&quot;classic&quot;}\">\n\t\t\t\t\t\t\t<div class=\"elementor-background-overlay\"><\/div>\n\t\t\t\t\t\t\t<div class=\"elementor-container elementor-column-gap-default\">\n\t\t\t\t\t<div class=\"elementor-column elementor-col-100 elementor-top-column elementor-element elementor-element-54af3940\" data-id=\"54af3940\" data-element_type=\"column\">\n\t\t\t<div class=\"elementor-widget-wrap elementor-element-populated\">\n\t\t\t\t\t\t<div class=\"elementor-element elementor-element-23620bae elementor-widget elementor-widget-heading\" data-id=\"23620bae\" data-element_type=\"widget\" data-widget_type=\"heading.default\">\n\t\t\t\t<div class=\"elementor-widget-container\">\n\t\t\t\t\t<h2 class=\"elementor-heading-title elementor-size-default\">Bir reklam ekleyin<\/h2>\t\t\t\t<\/div>\n\t\t\t\t<\/div>\n\t\t\t\t\t<\/div>\n\t\t<\/div>\n\t\t\t\t\t<\/div>\n\t\t<\/section>\n\t\t\t\t<section class=\"elementor-section elementor-top-section elementor-element elementor-element-fb97f95 elementor-section-boxed elementor-section-height-default elementor-section-height-default\" data-id=\"fb97f95\" data-element_type=\"section\" data-settings=\"{&quot;background_background&quot;:&quot;classic&quot;}\">\n\t\t\t\t\t\t\t<div class=\"elementor-background-overlay\"><\/div>\n\t\t\t\t\t\t\t<div class=\"elementor-container elementor-column-gap-default\">\n\t\t\t\t\t<div class=\"elementor-column elementor-col-50 elementor-top-column elementor-element elementor-element-04944f7\" data-id=\"04944f7\" data-element_type=\"column\" data-settings=\"{&quot;background_background&quot;:&quot;classic&quot;}\">\n\t\t\t<div class=\"elementor-widget-wrap elementor-element-populated\">\n\t\t\t\t\t<div class=\"elementor-background-overlay\"><\/div>\n\t\t\t\t\t\t<div class=\"elementor-element elementor-element-72efa8a elementor-widget elementor-widget-heading\" data-id=\"72efa8a\" data-element_type=\"widget\" data-widget_type=\"heading.default\">\n\t\t\t\t<div class=\"elementor-widget-container\">\n\t\t\t\t\t<h5 class=\"elementor-heading-title elementor-size-default\">Reklam\u0131n\u0131z<\/h5>\t\t\t\t<\/div>\n\t\t\t\t<\/div>\n\t\t\t\t<div class=\"elementor-element elementor-element-2e0d9bc elementor-widget elementor-widget-heading\" data-id=\"2e0d9bc\" data-element_type=\"widget\" data-widget_type=\"heading.default\">\n\t\t\t\t<div class=\"elementor-widget-container\">\n\t\t\t\t\t<h2 class=\"elementor-heading-title elementor-size-default\">\u0130lan\u0131n\u0131z\u0131 h\u0131zl\u0131 ve kolay bir \u015fekilde ekleyin - 4 ad\u0131mda<\/h2>\t\t\t\t<\/div>\n\t\t\t\t<\/div>\n\t\t\t\t<div class=\"elementor-element elementor-element-7d217e4 elementor-widget elementor-widget-text-editor\" data-id=\"7d217e4\" data-element_type=\"widget\" data-widget_type=\"text-editor.default\">\n\t\t\t\t<div class=\"elementor-widget-container\">\n\t\t\t\t\t\t\t\t\t<p>\u0130lan\u0131n\u0131z\u0131 platformumuz \u00fczerinden kolayca ekleyebilir, a\u00e7\u0131k pozisyonla ilgili t\u00fcm bilgileri girebilirsiniz. Formu doldurduktan sonra ilan veritaban\u0131m\u0131za kaydedilir. \u0130lan\u0131 yay\u0131nlamak i\u00e7in e-postan\u0131za ek talimatlar g\u00f6nderilecektir.<\/p>\t\t\t\t\t\t\t\t<\/div>\n\t\t\t\t<\/div>\n\t\t\t\t<div class=\"elementor-element elementor-element-3d2b758 elementor-widget elementor-widget-heading\" data-id=\"3d2b758\" data-element_type=\"widget\" data-widget_type=\"heading.default\">\n\t\t\t\t<div class=\"elementor-widget-container\">\n\t\t\t\t\t<h2 class=\"elementor-heading-title elementor-size-default\">Hesab\u0131n\u0131z yok mu?<\/h2>\t\t\t\t<\/div>\n\t\t\t\t<\/div>\n\t\t\t\t<div class=\"elementor-element elementor-element-430ccc8 elementor-widget elementor-widget-text-editor\" data-id=\"430ccc8\" data-element_type=\"widget\" data-widget_type=\"text-editor.default\">\n\t\t\t\t<div class=\"elementor-widget-container\">\n\t\t\t\t\t\t\t\t\t<p>\u0130lan ekleyebilmeniz i\u00e7in kullan\u0131c\u0131 hesab\u0131n\u0131z\u0131n olmas\u0131 gerekmektedir.<br data-start=\"567\" data-end=\"570\" \/><strong data-start=\"570\" data-end=\"637\">Kay\u0131t olmak ve aram\u0131za kat\u0131lmak i\u00e7in a\u015fa\u011f\u0131daki butona t\u0131klay\u0131n!<\/strong><\/p>\t\t\t\t\t\t\t\t<\/div>\n\t\t\t\t<\/div>\n\t\t\t\t<div class=\"elementor-element elementor-element-66c150d elementor-align-left elementor-widget elementor-widget-button\" data-id=\"66c150d\" data-element_type=\"widget\" data-widget_type=\"button.default\">\n\t\t\t\t<div class=\"elementor-widget-container\">\n\t\t\t\t\t\t\t\t\t<div class=\"elementor-button-wrapper\">\n\t\t\t\t\t<a class=\"elementor-button elementor-button-link elementor-size-sm elementor-animation-shrink\" href=\"#elementor-action%3Aaction%3Dpopup%3Aopen%26settings%3DeyJpZCI6IjExOTQiLCJ0b2dnbGUiOmZhbHNlfQ%3D%3D\">\n\t\t\t\t\t\t<span class=\"elementor-button-content-wrapper\">\n\t\t\t\t\t\t\t\t\t<span class=\"elementor-button-text\">Kay\u0131t olmak<\/span>\n\t\t\t\t\t<\/span>\n\t\t\t\t\t<\/a>\n\t\t\t\t<\/div>\n\t\t\t\t\t\t\t\t<\/div>\n\t\t\t\t<\/div>\n\t\t\t\t\t<\/div>\n\t\t<\/div>\n\t\t\t\t<div class=\"elementor-column elementor-col-50 elementor-top-column elementor-element elementor-element-2ee8b6f\" data-id=\"2ee8b6f\" data-element_type=\"column\" data-settings=\"{&quot;background_background&quot;:&quot;classic&quot;}\">\n\t\t\t<div class=\"elementor-widget-wrap elementor-element-populated\">\n\t\t\t\t\t\t<div class=\"elementor-element elementor-element-30be283 jedv-enabled--yes elementor-widget elementor-widget-jet-form-builder-form\" data-id=\"30be283\" data-element_type=\"widget\" data-widget_type=\"jet-form-builder-form.default\">\n\t\t\t\t<div class=\"elementor-widget-container\">\n\t\t\t\t\t<style id=\"jet-form-builder-1209-inline-css\"><\/style><form  class=\"jet-form-builder layout-column submit-type-reload\" action=\"https:\/\/jobyz.eu\/tr\/wp-json\/wp\/v2\/pages\/1230\/?jet_form_builder_submit=submit&#038;method=reload\" method=\"POST\" data-form-id=\"1209\" data-layout=\"column\" enctype=\"multipart\/form-data\" novalidate=\"null\" data-trp-original-action=\"https:\/\/jobyz.eu\/tr\/wp-json\/wp\/v2\/pages\/1230\/?jet_form_builder_submit=submit&amp;method=reload\"><input type=\"hidden\" id=\"_wpnonce\" name=\"_wpnonce\" value=\"1eef39113f\" \/><input type=\"hidden\" name=\"_wp_http_referer\" value=\"\/tr\/wp-json\/wp\/v2\/pages\/1230\" \/>\r\n<input type=\"hidden\" name=\"_jfb_current_render_states[]\" value=\"DEFAULT.STATE\" data-jfb-sync \/><input type=\"hidden\" class=\"jet-form-builder__field hidden-field\" name=\"_jet_engine_booking_form_id\" data-field-name=\"_jet_engine_booking_form_id\" value=\"1209\">\n<input type=\"hidden\" class=\"jet-form-builder__field hidden-field\" name=\"_jet_engine_refer\" data-field-name=\"_jet_engine_refer\" value=\"https:\/\/jobyz.eu\/tr\/wp-json\/wp\/v2\/pages\/1230\/\">\n<input type=\"hidden\" class=\"jet-form-builder__field hidden-field\" name=\"__queried_post_id\" data-field-name=\"__queried_post_id\" value=\"1230\">\n<div  class=\"jet-form-builder-row field-type-text-field\" >\n<div class=\"jet-form-builder__label\">\r\n<div class=\"jet-form-builder__label-text\">E-posta adresi <span class=\"jet-form-builder__required\">*<\/span><\/div><\/div><div class=\"jet-form-builder__field-wrap\">\n\t\t\t\t<input required=\"required\" name=\"login_email\" id=\"login_email\" type=\"text\" data-field-name=\"login_email\" class=\"jet-form-builder__field text-field\" data-jfb-sync=\"null\">\n\t\t\t\t\t<\/div>\n<\/div>\n\n<div  class=\"jet-form-builder-row field-type-text-field\" >\n<div class=\"jet-form-builder__label\">\r\n<div class=\"jet-form-builder__label-text\">\u015eifre <span class=\"jet-form-builder__required\">*<\/span><\/div><\/div><div class=\"jet-form-builder__field-wrap\">\n\t\t\t\t<input required=\"required\" name=\"password\" id=\"password\" type=\"text\" data-field-name=\"password\" class=\"jet-form-builder__field text-field\" data-jfb-sync=\"null\">\n\t\t\t\t\t<\/div>\n<\/div>\n\n<div  class=\"jet-form-builder-row field-type-switcher wp-block-jet-forms-switcher\">\n<div class=\"jet-form-builder__label\">\r\n<div class=\"jet-form-builder__label-text\">Beni Hat\u0131rla<\/div><\/div><input id=\"zapamti_me\" name=\"zapamti_me\" type=\"checkbox\" role=\"switch\" class=\"jet-form-builder__field\" value=\"on\" data-calculate=\"1\" data-jfb-sync=\"null\">\n<\/div>\n\n<div  class=\"jet-form-builder-row field-type-submit-field\" >\n\t<div data-type=\"submit\" class=\"jet-form-builder__action-button-wrapper jet-form-builder__submit-wrap\">\n\t<button class=\"jet-form-builder__action-button jet-form-builder__submit submit-type-reload\" type=\"submit\">\u00dcye olmak<\/button>\n\t<\/div>\n\t\n<\/div>\t<div class=\"jet-form-builder-messages-wrap\" data-form-id=\"1209\"><\/div>\n<input type=\"hidden\" name=\"trp-form-language\" value=\"tr\"\/><\/form>\n\t\t\t\t<\/div>\n\t\t\t\t<\/div>\n\t\t\t\t\t<\/div>\n\t\t<\/div>\n\t\t\t\t\t<\/div>\n\t\t<\/section>\n\t\t\t\t<\/div>","protected":false},"excerpt":{"rendered":"<p>Dodajte oglas Va\u0161 oglas Dodajte svoj oglas brzo i jednostavno \u2013 kroz 4 koraka Mo\u017eete jednostavno dodati svoj oglas putem na\u0161e platforme, unose\u0107i sve relevantne informacije o otvorenoj poziciji. Nakon popunjenje forme, oglas je sa\u010duvan u na\u0161oj bazi podataka. Na va\u0161 email dobijate ostala uputstva kako bi oglas bio javan. Nemate nalog? Kako biste dodali [&hellip;]<\/p>","protected":false},"author":5,"featured_media":0,"parent":0,"menu_order":0,"comment_status":"closed","ping_status":"closed","template":"","meta":{"footnotes":""},"class_list":["post-1230","page","type-page","status-publish","hentry"],"_hostinger_reach_plugin_has_subscription_block":false,"_hostinger_reach_plugin_is_elementor":false,"_links":{"self":[{"href":"https:\/\/jobyz.eu\/tr\/wp-json\/wp\/v2\/pages\/1230","targetHints":{"allow":["GET"]}}],"collection":[{"href":"https:\/\/jobyz.eu\/tr\/wp-json\/wp\/v2\/pages"}],"about":[{"href":"https:\/\/jobyz.eu\/tr\/wp-json\/wp\/v2\/types\/page"}],"author":[{"embeddable":true,"href":"https:\/\/jobyz.eu\/tr\/wp-json\/wp\/v2\/users\/5"}],"replies":[{"embeddable":true,"href":"https:\/\/jobyz.eu\/tr\/wp-json\/wp\/v2\/comments?post=1230"}],"version-history":[{"count":76,"href":"https:\/\/jobyz.eu\/tr\/wp-json\/wp\/v2\/pages\/1230\/revisions"}],"predecessor-version":[{"id":2349,"href":"https:\/\/jobyz.eu\/tr\/wp-json\/wp\/v2\/pages\/1230\/revisions\/2349"}],"wp:attachment":[{"href":"https:\/\/jobyz.eu\/tr\/wp-json\/wp\/v2\/media?parent=1230"}],"curies":[{"name":"wp","href":"https:\/\/api.w.org\/{rel}","templated":true}]}}